{"id":1208,"date":"2016-04-14T21:18:39","date_gmt":"2016-04-14T18:18:39","guid":{"rendered":"http:\/\/www.saranghanguk.ro\/?page_id=1208"},"modified":"2023-05-05T16:33:52","modified_gmt":"2023-05-05T13:33:52","slug":"our-team","status":"publish","type":"page","link":"https:\/\/www.saranghanguk.ro\/index.php\/our-team\/","title":{"rendered":"Echip\u0103"},"content":{"rendered":"<p style=\"text-align: center;\"><strong><a href=\"http:\/\/www.saranghanguk.ro\/wp-content\/uploads\/2019\/12\/eu\u00e2.jpg\"><img loading=\"lazy\" class=\"wp-image-10607 alignleft\" src=\"http:\/\/www.saranghanguk.ro\/wp-content\/uploads\/2019\/12\/eu\u00e2.jpg\" alt=\"\" width=\"251\" height=\"335\" srcset=\"https:\/\/www.saranghanguk.ro\/wp-content\/uploads\/2019\/12\/eu\u00e2.jpg 720w, https:\/\/www.saranghanguk.ro\/wp-content\/uploads\/2019\/12\/eu\u00e2-225x300.jpg 225w\" sizes=\"(max-width: 251px) 100vw, 251px\" \/><\/a><em>\u00a0 Dana B\u0103r\u0103gan \u2013 pre\u0219edinte-fondator\u00a0<\/em><\/strong><\/p>\n<p style=\"text-align: justify;\">Absolvent\u0103 a Facult\u0103\u021bii de Filosofie \u0219i Jurnalism (BA &#8211; Filosofie \u0219i Jurnalism, MA &#8211; Comunicarea politic\u0103), \u00een via\u021b\u0103 am ales dou\u0103 lucruri: s\u0103-mi urmez visul \u0219i s\u0103 fac din el un job full time, ceea ce s-a \u0219i \u00eent\u00e2mplat. Cumva, cred c\u0103 mi-a fost h\u0103r\u0103zit s\u0103 iubesc at\u00e2t de mult \u021aara Dimine\u021bilor Lini\u0219tite \u0219i s\u0103 m\u0103 reg\u0103sesc \u00een spiritul \u0219i pofta de via\u021b\u0103 a acestui popor, \u00een dragostea pentru cultur\u0103 \u0219i valori, \u0219i \u00een dependen\u021ba p\u00e2n\u0103 la refuz de munc\u0103.<\/p>\n<p style=\"text-align: justify;\">Pentru mine, Coreea este un vis devenit \u00een mare parte realitate, dar \u0219i un mod de via\u021b\u0103. De fiecare dat\u0103 c\u00e2nd vorbesc despre ea (foarte des, ce-i drept), \u00eemi dau seama c\u0103, dac\u0103 exist\u0103 un destin pentru mine, atunci Coreea este destinul meu.<\/p>\n<p style=\"text-align: center;\"><strong><em>\u00a0 \u00a0<\/em><\/strong><\/p>\n<p style=\"text-align: center;\"><a style=\"font-weight: bold;\" href=\"http:\/\/www.saranghanguk.ro\/wp-content\/uploads\/2016\/04\/13015277_1106655656043256_8430836936626958069_n.jpg\"><img loading=\"lazy\" class=\"alignleft wp-image-1532\" src=\"http:\/\/www.saranghanguk.ro\/wp-content\/uploads\/2016\/04\/13015277_1106655656043256_8430836936626958069_n.jpg\" alt=\"13015277_1106655656043256_8430836936626958069_n\" width=\"215\" height=\"213\" \/><\/a><em><b>\u00a0 \u00a0 \u00a0 \u00a0 Angela Jipa \u2013 vicepre\u0219edinte\u00a0<\/b><\/em><\/p>\n<p style=\"text-align: justify;\">Absolvent\u0103 a Universit\u0103\u021bii \u201cPetrol \u0219i Gaze\u201d Ploie\u0219ti, Facultatea de Management al Afacerilor, \u00een prezent economist la Spitalul Jude\u021bean de Urgen\u021b\u0103 Giurgiu, Angela este pasionat\u0103 de limba \u0219i cultura coreean\u0103 \u00eentr-un mod unic.<\/p>\n<p style=\"text-align: justify;\">&#8220;Am f\u0103cut loc \u00een sufletul meu pentru tot ceea ce reprezint\u0103 Coreea care, ca un magnet interior, m-a atras at\u00e2t de puternic \u00eenc\u00e2t am sim\u021bit c\u0103 \u00een spa\u021biul gol din sufletul meu ceva \u0219i-a g\u0103sit locul \u0219i l-a umplut \u00eencet-\u00eencet&#8230; Hobby-urile mele sunt:\u00a0 croitoria, pictura \u0219i orice rezult\u0103 \u00een micul meu atelier de crea\u021bie&#8221;, poveste\u0219te Angela.<\/p>\n<p style=\"text-align: center;\">\n<p><a href=\"http:\/\/www.saranghanguk.ro\/wp-content\/uploads\/2021\/04\/94148006_2956270527741871_8203521989311201280_n.jpg\"><img loading=\"lazy\" class=\"wp-image-17492 alignleft\" src=\"http:\/\/www.saranghanguk.ro\/wp-content\/uploads\/2021\/04\/94148006_2956270527741871_8203521989311201280_n-1024x1024.jpg\" alt=\"\" width=\"224\" height=\"224\" srcset=\"https:\/\/www.saranghanguk.ro\/wp-content\/uploads\/2021\/04\/94148006_2956270527741871_8203521989311201280_n-1024x1024.jpg 1024w, https:\/\/www.saranghanguk.ro\/wp-content\/uploads\/2021\/04\/94148006_2956270527741871_8203521989311201280_n-300x300.jpg 300w, https:\/\/www.saranghanguk.ro\/wp-content\/uploads\/2021\/04\/94148006_2956270527741871_8203521989311201280_n-150x150.jpg 150w, https:\/\/www.saranghanguk.ro\/wp-content\/uploads\/2021\/04\/94148006_2956270527741871_8203521989311201280_n-768x768.jpg 768w, https:\/\/www.saranghanguk.ro\/wp-content\/uploads\/2021\/04\/94148006_2956270527741871_8203521989311201280_n-80x80.jpg 80w, https:\/\/www.saranghanguk.ro\/wp-content\/uploads\/2021\/04\/94148006_2956270527741871_8203521989311201280_n.jpg 1440w\" sizes=\"(max-width: 224px) 100vw, 224px\" \/><\/a><\/p>\n<p style=\"text-align: center;\"><strong><em>\u00a0 \u00a0 \u00a0 \u00a0 \u00a0 \u00a0 \u00a0 \u00a0 \u00a0 \u00a0Coman Daniela Elena <b>\u2013\u00a0<\/b>vicepre\u0219edinte<\/em><\/strong><\/p>\n<p style=\"text-align: justify;\">Licen\u021biat\u0103 \u00een Administra\u021bie \u0219i Management Public\u00a0 (ASE) \u0219i cu un master \u00een Marketing \u0219i Comunicare \u00een Afaceri (ASE) terminat, Daniela Coman a descoperit\u00a0 Coreea \u00een anul 2012 \u0219i a \u00eenceput s\u0103-i plac\u0103 tot ceea ce \u021bine de ea, \u00een special muzica, m\u00e2ncarea \u0219i serialele TV. \u00a0Hobby-urile ei sunt: desenul, cititul \u0219i badmintonul.<\/p>\n<p style=\"text-align: justify;\">\n<p style=\"text-align: center;\"><strong><a href=\"http:\/\/www.saranghanguk.ro\/wp-content\/uploads\/2016\/04\/flavia.jpg\"><img loading=\"lazy\" class=\"alignleft wp-image-1538\" src=\"http:\/\/www.saranghanguk.ro\/wp-content\/uploads\/2016\/04\/flavia.jpg\" alt=\"flavia\" width=\"220\" height=\"187\" \/><\/a><em>\u00a0 \u00a0 \u00a0 \u00a0 \u00a0Pan\u0103 Flavia Alexandra \u2013 corespondent Seul\u00a0<\/em><\/strong><\/p>\n<p style=\"text-align: justify;\">Absolvent\u0103 a Academiei de Studii Economice (BA \u2013 Rela\u021bii Economice Interna\u021bionale, MA &#8211; Managementul Riscului \u00een Afacerile Interna\u021bionale &#8211; Tranzac\u021bii Comerciale) \u0219i a Universit\u0103\u021bii Bucure\u0219ti (MA \u2013 Studii Est-Asiatice), Flavia a \u00een\u021beles c\u0103 atunci c\u00e2nd i\u021bi dore\u0219ti un lucru foarte mult, mai devreme sau mai t\u00e2rziu \u00eel po\u021bi realiza. Pasiunea ei pentru Coreea de Sud a luat na\u0219tere cu ceva ani \u00een urma \u0219i a r\u0103mas la fel de puternic\u0103 p\u00e2n\u0103 \u00een ziua de ast\u0103zi.<\/p>\n<div class=\"_8rnv preview\">\n<div class=\"_7ef9\" data-tooltip-content=\"Dana Baragan\" data-hover=\"tooltip\">\n<div class=\"_aou\" tabindex=\"0\" role=\"button\" aria-label=\"[object Object]\"><\/div>\n<\/div>\n<\/div>\n<p style=\"text-align: center;\"><a href=\"http:\/\/www.saranghanguk.ro\/wp-content\/uploads\/2016\/04\/raluca.jpg\"><img loading=\"lazy\" class=\"alignleft wp-image-1464\" src=\"http:\/\/www.saranghanguk.ro\/wp-content\/uploads\/2016\/04\/raluca.jpg\" alt=\"raluca\" width=\"180\" height=\"180\" srcset=\"https:\/\/www.saranghanguk.ro\/wp-content\/uploads\/2016\/04\/raluca.jpg 200w, https:\/\/www.saranghanguk.ro\/wp-content\/uploads\/2016\/04\/raluca-150x150.jpg 150w\" sizes=\"(max-width: 180px) 100vw, 180px\" \/><\/a><em><strong>\u00a0Miroi Raluca <b>\u2013\u00a0<\/b>editor Sarang Hanguk<\/strong><\/em><\/p>\n<p style=\"text-align: justify;\">Absolvent\u0103 a Facult\u0103\u021bii de Jurnalism \u0219i \u0218tiin\u021bele Comunic\u0103rii din cadrul Universit\u0103\u021bii Bucure\u0219ti, specializarea Publicitate. Timid\u0103 \u0219i tacut\u0103, dar cu o mare pasiune pentru muzic\u0103, actorie \u0219i tot ceea ce \u00eenseamn\u0103 Coreea. Hobby-uri: vlogging, cititul \u0219i fotografia.<\/p>\n<p style=\"text-align: center;\"><a href=\"http:\/\/www.saranghanguk.ro\/wp-content\/uploads\/2018\/03\/23844464_1634855103239636_1674402803373393643_n.jpg\"><img loading=\"lazy\" class=\"wp-image-8352 alignleft\" src=\"http:\/\/www.saranghanguk.ro\/wp-content\/uploads\/2018\/03\/23844464_1634855103239636_1674402803373393643_n-150x150.jpg\" alt=\"\" width=\"220\" height=\"220\" \/><\/a>\u00a0 \u00a0<strong><em>Anca Zaharia <b>\u2013\u00a0<\/b>editor special Sarang Hanguk<\/em><\/strong><\/p>\n<p style=\"text-align: justify;\">Absolvent\u0103 a Facult\u0103\u021bii de Limbi \u0219i Literaturi Str\u0103ine a Universit\u0103\u021bii din Bucure\u0219ti, sec\u021bia de Filologie, Englez\u0103-Rom\u00e2n\u0103. Iubirea mea pentru Coreea a \u00eenceput acum aproape doi ani, iar frumuse\u021bea ei continu\u0103 s\u0103 m\u0103 surprind\u0103 din ce \u00een ce mai mult, pe zi ce trece. \u00cemi place s\u0103 cunosc oameni noi, iar pasiunea pentru Coreea mi-a dat aceast\u0103 posibilitate, de a \u00eent\u00e2lni persoane noi, cu care \u00eemp\u0103rt\u0103\u0219esc acelea\u0219i pasiuni. \u00cen timpul liber \u00eemi place s\u0103 c\u0103l\u0103toresc, s\u0103 ascult muzic\u0103 \u0219i s\u0103 citesc.<\/p>\n<p style=\"text-align: justify;\">\n<p><em><strong>\u00a0 \u00a0 \u00a0 \u00a0 \u00a0 \u00a0 \u00a0 \u00a0 \u00a0 \u00a0 \u00a0 \u00a0 \u00a0 \u00a0 \u00a0 \u00a0 \u00a0 \u00a0 \u00a0 \u00a0 \u00a0 \u00a0 \u00a0 \u00a0 \u00a0 \u00a0 \u00a0 \u00a0 \u00a0 \u00a0 \u00a0 \u00a0 \u00a0 \u00a0 \u00a0 \u00a0 \u00a0 \u00a0\u00a0<\/strong><\/em><\/p>\n<p><!-- \/wp:paragraph --><\/p>\n","protected":false},"excerpt":{"rendered":"<p>\u00a0 Dana B\u0103r\u0103gan \u2013 pre\u0219edinte-fondator\u00a0 Absolvent\u0103 a Facult\u0103\u021bii de Filosofie \u0219i Jurnalism (BA &#8211; Filosofie \u0219i Jurnalism, MA &#8211; Comunicarea..<\/p>\n","protected":false},"author":2,"featured_media":0,"parent":0,"menu_order":0,"comment_status":"closed","ping_status":"closed","template":"","meta":[],"_links":{"self":[{"href":"https:\/\/www.saranghanguk.ro\/index.php\/wp-json\/wp\/v2\/pages\/1208"}],"collection":[{"href":"https:\/\/www.saranghanguk.ro\/index.php\/wp-json\/wp\/v2\/pages"}],"about":[{"href":"https:\/\/www.saranghanguk.ro\/index.php\/wp-json\/wp\/v2\/types\/page"}],"author":[{"embeddable":true,"href":"https:\/\/www.saranghanguk.ro\/index.php\/wp-json\/wp\/v2\/users\/2"}],"replies":[{"embeddable":true,"href":"https:\/\/www.saranghanguk.ro\/index.php\/wp-json\/wp\/v2\/comments?post=1208"}],"version-history":[{"count":70,"href":"https:\/\/www.saranghanguk.ro\/index.php\/wp-json\/wp\/v2\/pages\/1208\/revisions"}],"predecessor-version":[{"id":26154,"href":"https:\/\/www.saranghanguk.ro\/index.php\/wp-json\/wp\/v2\/pages\/1208\/revisions\/26154"}],"wp:attachment":[{"href":"https:\/\/www.saranghanguk.ro\/index.php\/wp-json\/wp\/v2\/media?parent=1208"}],"curies":[{"name":"wp","href":"https:\/\/api.w.org\/{rel}","templated":true}]}}