{"id":1358,"date":"2016-04-26T12:25:08","date_gmt":"2016-04-26T09:25:08","guid":{"rendered":"http:\/\/www.saranghanguk.ro\/?page_id=1358"},"modified":"2021-04-27T20:55:31","modified_gmt":"2021-04-27T17:55:31","slug":"misiunea-noastra","status":"publish","type":"page","link":"https:\/\/www.saranghanguk.ro\/index.php\/misiunea-noastra\/","title":{"rendered":"Misiune"},"content":{"rendered":"<p><span class=\"word\" data-words=\"Asocia\u021bia,Asociatia\">Asocia\u021bia<\/span> <span class=\"word\" data-words=\"Cultural\u0103,Culturala\">Cultural\u0103<\/span>\u00a0Sarang Hanguk (ACSH) este o <span class=\"word\" data-words=\"organiza\u021bie,organizatie\">organiza\u021bie<\/span> nonguvernamentala (ONG) care \u0219i-a propus <span class=\"word\" data-words=\"s\u0103,sa,\u0219a\">s\u0103<\/span> promoveze Coreea de Sud <span class=\"word\" data-words=\"\u00een,in\">\u00een<\/span> <span class=\"word\" data-words=\"Romania,Rom\u00e2nia\">Romania<\/span>, respectiv <span class=\"word\" data-words=\"cultur\u0103,cultura\">cultura<\/span> <span class=\"word\" data-words=\"coreean\u0103,coreeana\">coreean\u0103<\/span>, <span class=\"word\" data-words=\"limb\u0103,limba\">limba<\/span> <span class=\"word\" data-words=\"\u0219i,si\">\u0219i<\/span> oamenii, <span class=\"word\" data-words=\"\u0219i,si\">\u0219i<\/span> <span class=\"word\" data-words=\"s\u0103,sa,\u0219a\">s\u0103<\/span> creeze conexiuni <span class=\"word\" data-words=\"intre,\u00eentre\">intre<\/span> indivizi, <span class=\"word\" data-words=\"institu\u021bii,institutii\">institu\u021bii<\/span> <span class=\"word\" data-words=\"\u0219i,si\">\u0219i<\/span> <span class=\"word\" data-words=\"comunit\u0103\u021bi,comunitati\">comunit\u0103\u021bi<\/span> care au <span class=\"word\" data-words=\"acela\u0219i,acelasi\">acela\u0219i<\/span> <span class=\"word\" data-words=\"scop,\u0219cop\">scop<\/span> <span class=\"word\" data-words=\"c\u0103,ca\">ca<\/span>\u00a0<span class=\"word\" data-words=\"\u0219i,si\">\u0219i<\/span> <span class=\"word\" data-words=\"al,\u0103l\">al<\/span> nostru.<\/p>\n<p>Facem <span class=\"word\" data-words=\"asta,ast\u0103,\u0103sta\">asta p<\/span>rin:<\/p>\n<p><span class=\"word\" data-words=\"\u0219tirile,stirile\"><a href=\"http:\/\/www.saranghanguk.ro\/wp-content\/uploads\/2021\/04\/red-arrow-14836430521cn.jpg\"><img loading=\"lazy\" class=\"alignnone  wp-image-17618\" src=\"http:\/\/www.saranghanguk.ro\/wp-content\/uploads\/2021\/04\/red-arrow-14836430521cn-1024x1024.jpg\" alt=\"\" width=\"16\" height=\"16\" srcset=\"https:\/\/www.saranghanguk.ro\/wp-content\/uploads\/2021\/04\/red-arrow-14836430521cn-1024x1024.jpg 1024w, https:\/\/www.saranghanguk.ro\/wp-content\/uploads\/2021\/04\/red-arrow-14836430521cn-300x300.jpg 300w, https:\/\/www.saranghanguk.ro\/wp-content\/uploads\/2021\/04\/red-arrow-14836430521cn-150x150.jpg 150w, https:\/\/www.saranghanguk.ro\/wp-content\/uploads\/2021\/04\/red-arrow-14836430521cn-768x768.jpg 768w, https:\/\/www.saranghanguk.ro\/wp-content\/uploads\/2021\/04\/red-arrow-14836430521cn-1536x1536.jpg 1536w, https:\/\/www.saranghanguk.ro\/wp-content\/uploads\/2021\/04\/red-arrow-14836430521cn-335x335.jpg 335w, https:\/\/www.saranghanguk.ro\/wp-content\/uploads\/2021\/04\/red-arrow-14836430521cn-1050x1050.jpg 1050w, https:\/\/www.saranghanguk.ro\/wp-content\/uploads\/2021\/04\/red-arrow-14836430521cn.jpg 1920w\" sizes=\"(max-width: 16px) 100vw, 16px\" \/> \u00a0<\/a>\u0219tirile<\/span>, articolele, interviurile <span class=\"word\" data-words=\"\u0219i,si\">\u0219i<\/span> fotoreportajele pe care le <span class=\"word\" data-words=\"publicam,public\u0103m\">publicam<\/span> pe <span class=\"word\" data-words=\"site,\u0219i\u021be\">site<\/span>-ul <span class=\"word\" data-words=\"\u0219i,si\">\u0219i<\/span> <span class=\"word\" data-words=\"pagin\u0103,pagina\">pe paginile<\/span> de Facebook \u0219i Instagram<\/p>\n<p><span class=\"word\" data-words=\"\u0219tirile,stirile\"><a href=\"http:\/\/www.saranghanguk.ro\/wp-content\/uploads\/2021\/04\/red-arrow-14836430521cn.jpg\"><img loading=\"lazy\" class=\"alignnone  wp-image-17618\" src=\"http:\/\/www.saranghanguk.ro\/wp-content\/uploads\/2021\/04\/red-arrow-14836430521cn-1024x1024.jpg\" alt=\"\" width=\"16\" height=\"16\" srcset=\"https:\/\/www.saranghanguk.ro\/wp-content\/uploads\/2021\/04\/red-arrow-14836430521cn-1024x1024.jpg 1024w, https:\/\/www.saranghanguk.ro\/wp-content\/uploads\/2021\/04\/red-arrow-14836430521cn-300x300.jpg 300w, https:\/\/www.saranghanguk.ro\/wp-content\/uploads\/2021\/04\/red-arrow-14836430521cn-150x150.jpg 150w, https:\/\/www.saranghanguk.ro\/wp-content\/uploads\/2021\/04\/red-arrow-14836430521cn-768x768.jpg 768w, https:\/\/www.saranghanguk.ro\/wp-content\/uploads\/2021\/04\/red-arrow-14836430521cn-1536x1536.jpg 1536w, https:\/\/www.saranghanguk.ro\/wp-content\/uploads\/2021\/04\/red-arrow-14836430521cn-335x335.jpg 335w, https:\/\/www.saranghanguk.ro\/wp-content\/uploads\/2021\/04\/red-arrow-14836430521cn-1050x1050.jpg 1050w, https:\/\/www.saranghanguk.ro\/wp-content\/uploads\/2021\/04\/red-arrow-14836430521cn.jpg 1920w\" sizes=\"(max-width: 16px) 100vw, 16px\" \/>\u00a0 <\/a><\/span>prin evenimentele pe care le <span class=\"word\" data-words=\"organizam,organiz\u0103m\">organiz\u0103m<\/span> (Seri tematice coreene, workshop-<span class=\"word\" data-words=\"uri,ur\u00ee\">uri de buc\u0103t\u0103rie coreean\u0103<\/span>, ateliere de <span class=\"word\" data-words=\"crea\u021bie,creatie\">crea\u021bie de tip Arts &amp; Crafts<\/span>, <span class=\"word\" data-words=\"\u00eent\u00e2lniri,intalniri\">\u00eent\u00e2lniri<\/span> formale <span class=\"word\" data-words=\"\u0219i,si\">\u0219i<\/span> informale) <span class=\"word\" data-words=\"sau,s\u0103u,\u0219au\">sau<\/span> <span class=\"word\" data-words=\"la,l\u0103\">la<\/span> care <span class=\"word\" data-words=\"luam,lu\u0103m\">lu\u0103m<\/span> <span class=\"word\" data-words=\"parte,p\u00e2rte\">parte<\/span> din <span class=\"word\" data-words=\"postur\u0103,postura\">postura<\/span> de parteneri <span class=\"word\" data-words=\"\u0219i,si\">\u0219i<\/span> co-organizatori (festivaluri, concerte, <span class=\"word\" data-words=\"lans\u0103ri,lansari\">lans\u0103ri<\/span> de carte <span class=\"word\" data-words=\"\u0219i,si\">\u0219i<\/span> film, <span class=\"word\" data-words=\"conferin\u021be,conferinte\">conferin\u021be<\/span> <span class=\"word\" data-words=\"\u0219i,si\">\u0219i<\/span> seminarii, programe \u0219olare etc).<\/p>\n<p>Sarang Hanguk a luat <span class=\"word\" data-words=\"na\u0219tere,nastere\">na\u0219tere<\/span> pe data de 5 noiembrie 2013 din pasiunea <span class=\"word\" data-words=\"comun\u0103,comuna\">comun\u0103<\/span>\u00a0a membrilor <span class=\"word\" data-words=\"sai,s\u0103i,s\u00e2i,\u0219ai\">s\u0103i<\/span> pentru <span class=\"word\" data-words=\"limb\u0103,limba\">limba<\/span> <span class=\"word\" data-words=\"\u0219i,si\">\u0219i<\/span> <span class=\"word\" data-words=\"cultur\u0103,cultura\">cultura<\/span> <span class=\"word\" data-words=\"coreean\u0103,coreeana\">coreean\u0103<\/span>. <span class=\"word\" data-words=\"La,L\u0103\">La<\/span> <span class=\"word\" data-words=\"\u00eenceput,inceput\">\u00eenceput<\/span> doar o comunitate de oameni <span class=\"word\" data-words=\"tineri,\u021bineri\">tineri<\/span> <span class=\"word\" data-words=\"\u0219i,si\">\u0219i<\/span> <span class=\"word\" data-words=\"entuzia\u0219ti,entuziasti\">entuzia\u0219ti<\/span>, ACSH a devenit <span class=\"word\" data-words=\"asocia\u021bie,asociatie\">asocia\u021bie<\/span> doi ani <span class=\"word\" data-words=\"mai,m\u0103i,m\u00e2i\">mai<\/span> <span class=\"word\" data-words=\"t\u0103rziu,t\u00e2rziu,tarziu\">t\u00e2rziu<\/span>\u00a0<span class=\"word\" data-words=\"datorit\u0103,datorita\">datorita<\/span> <span class=\"word\" data-words=\"determin\u0103rii,determinarii\">determin\u0103rii<\/span> <span class=\"word\" data-words=\"\u0219i,si\">\u0219i<\/span> <span class=\"word\" data-words=\"perseverentei,perseveren\u021bei\">perseveren\u021bei<\/span> <span class=\"word\" data-words=\"\u00een,in\">\u00een<\/span> a ne <span class=\"word\" data-words=\"urma,urm\u0103\">urma<\/span> visele <span class=\"word\" data-words=\"\u0219i,si\">\u0219i<\/span> a le <span class=\"word\" data-words=\"transform\u0103,transforma\">transforma<\/span> <span class=\"word\" data-words=\"\u00een,in\">\u00een<\/span> realitate.<\/p>\n","protected":false},"excerpt":{"rendered":"<p>Asocia\u021bia Cultural\u0103\u00a0Sarang Hanguk (ACSH) este o organiza\u021bie nonguvernamentala (ONG) care \u0219i-a propus s\u0103 promoveze Coreea de Sud \u00een Romania, respectiv..<\/p>\n","protected":false},"author":2,"featured_media":0,"parent":0,"menu_order":0,"comment_status":"closed","ping_status":"closed","template":"","meta":[],"_links":{"self":[{"href":"https:\/\/www.saranghanguk.ro\/index.php\/wp-json\/wp\/v2\/pages\/1358"}],"collection":[{"href":"https:\/\/www.saranghanguk.ro\/index.php\/wp-json\/wp\/v2\/pages"}],"about":[{"href":"https:\/\/www.saranghanguk.ro\/index.php\/wp-json\/wp\/v2\/types\/page"}],"author":[{"embeddable":true,"href":"https:\/\/www.saranghanguk.ro\/index.php\/wp-json\/wp\/v2\/users\/2"}],"replies":[{"embeddable":true,"href":"https:\/\/www.saranghanguk.ro\/index.php\/wp-json\/wp\/v2\/comments?post=1358"}],"version-history":[{"count":7,"href":"https:\/\/www.saranghanguk.ro\/index.php\/wp-json\/wp\/v2\/pages\/1358\/revisions"}],"predecessor-version":[{"id":17619,"href":"https:\/\/www.saranghanguk.ro\/index.php\/wp-json\/wp\/v2\/pages\/1358\/revisions\/17619"}],"wp:attachment":[{"href":"https:\/\/www.saranghanguk.ro\/index.php\/wp-json\/wp\/v2\/media?parent=1358"}],"curies":[{"name":"wp","href":"https:\/\/api.w.org\/{rel}","templated":true}]}}