{"id":986,"date":"2016-04-08T11:35:21","date_gmt":"2016-04-08T11:35:21","guid":{"rendered":"http:\/\/www.saranghanguk.ro\/?page_id=986"},"modified":"2021-04-27T20:10:31","modified_gmt":"2021-04-27T17:10:31","slug":"about-us-who-are-we","status":"publish","type":"page","link":"https:\/\/www.saranghanguk.ro\/index.php\/about-us-who-are-we\/","title":{"rendered":"Cine suntem?"},"content":{"rendered":"<p style=\"text-align: right;\"><strong>ONE TEAM, ONE DREAM: KOREA!<\/strong><\/p>\n<p style=\"text-align: justify;\">Pasiunile <span class=\"word\" data-words=\"sunt,\u0219unt\">sunt<\/span> cele care ne <span class=\"word\" data-words=\"inspir\u0103,inspira\">inspir\u0103<\/span>\u00a0<span class=\"word\" data-words=\"\u0219i,si\">\u0219i<\/span> care ne <span class=\"word\" data-words=\"\u00eendrum\u0103,\u00eendruma,indruma\">\u00eendrum\u0103<\/span> <span class=\"word\" data-words=\"pa\u0219ii,p\u0103\u0219ii,p\u00e2\u0219ii,pasii\">pa\u0219ii<\/span> <span class=\"word\" data-words=\"\u00een,in\">\u00een<\/span> <span class=\"word\" data-words=\"via\u021b\u0103,via\u021ba,viata\">via\u021b\u0103<\/span>, iar alegerile pe care le facem au <span class=\"word\" data-words=\"la,l\u0103\">la<\/span> <span class=\"word\" data-words=\"baza,baz\u0103,b\u00e2za,b\u00e2z\u0103\">baz\u0103<\/span>, de cele <span class=\"word\" data-words=\"mai,m\u0103i,m\u00e2i\">mai<\/span> multe ori, pasiunile <span class=\"word\" data-words=\"\u0219i,si\">\u0219i<\/span> nu <span class=\"word\" data-words=\"conjunctur\u0103,conjunctura\">conjunctura\/<\/span><span class=\"word\" data-words=\"\u00eent\u00e2mplarea,intamplarea\">\u00eent\u00e2mplarea<\/span>, <span class=\"word\" data-words=\"obliga\u021biile,obligatiile\">obliga\u021biile<\/span> <span class=\"word\" data-words=\"sau,s\u0103u,\u0219au\">sau<\/span> necesitatea. O pasiune <span class=\"word\" data-words=\"comun\u0103,comuna\">comun\u0103<\/span>\u00a0ne-a adus <span class=\"word\" data-words=\"\u0219i,si\">\u0219i<\/span> pe noi <span class=\"word\" data-words=\"\u00eempreun\u0103,\u00eempreuna,impreuna\">\u00eempreun\u0103<\/span>, <span class=\"word\" data-words=\"\u00een,in\">\u00een<\/span> 2013, <span class=\"word\" data-words=\"\u0219i,si\">\u0219i<\/span> ne-a <span class=\"word\" data-words=\"\u021binut,\u021b\u00eenut,tinut\">\u021binut<\/span> <span class=\"word\" data-words=\"laolalt\u0103,laolalta\">laolalt\u0103<\/span>. <span class=\"word\" data-words=\"Aceea\u0219i,Aceeasi\">Aceea\u0219i<\/span> pasiune ne-a determinat <span class=\"word\" data-words=\"s\u0103,sa,\u0219a\">s\u0103<\/span> <span class=\"word\" data-words=\"aparem,ap\u0103rem\">ap\u0103rem<\/span> <span class=\"word\" data-words=\"\u00een,in\">\u00een<\/span> <span class=\"word\" data-words=\"fata,fat\u0103,fa\u021ba,fa\u021b\u0103,f\u0103ta,f\u0103t\u0103,f\u0103\u021ba,f\u0103\u021b\u0103,f\u00e2\u021ba,f\u00e2\u021b\u0103\">fa\u021ba<\/span> <span class=\"word\" data-words=\"dumneavoastr\u0103,dumneavoastra\">dumneavoastr\u0103<\/span>, fanilor Coreei, pentru <span class=\"word\" data-words=\"c\u0103,ca\">ca<\/span>\u00a0<span class=\"word\" data-words=\"\u00eempreun\u0103,\u00eempreuna,impreuna\">\u00eempreun\u0103<\/span> <span class=\"word\" data-words=\"s\u0103,sa,\u0219a\">s\u0103<\/span> <span class=\"word\" data-words=\"promovam,promov\u0103m\">promov\u0103m<\/span> una dintre cele frumoase, <span class=\"word\" data-words=\"vibrante,vibran\u021be\">vibrante<\/span> <span class=\"word\" data-words=\"\u0219i,si\">\u0219i<\/span> artistice culturi din lume: <span class=\"word\" data-words=\"cultur\u0103,cultura\">cultura<\/span> <span class=\"word\" data-words=\"coreean\u0103,coreeana\">coreean\u0103<\/span>.<\/p>\n<p style=\"text-align: justify;\">Cum ne-a cucerit pe fiecare dintre noi \u021a<span class=\"word\" data-words=\"Tara,Tar\u0103,T\u00e2ra,T\u00e2r\u0103,\u021aara,\u021aar\u0103,\u021a\u0103r\u0103,\u021a\u00e2ra,\u021a\u00e2r\u0103\">ara<\/span> <span class=\"word\" data-words=\"Dimine\u021bilor,Diminetilor\">Dimine\u021bilor<\/span> <span class=\"word\" data-words=\"Lini\u0219tite,Linistite\">Lini\u0219tite<\/span> este o poveste de <span class=\"word\" data-words=\"suflet,sufle\u021b\">suflet<\/span>, pe care o spunem cu mult drag, bucurie <span class=\"word\" data-words=\"\u0219i,si\">\u0219i<\/span> entuziasm ori de <span class=\"word\" data-words=\"cate,ca\u021be,c\u00e2te\">cate<\/span> ori suntem <span class=\"word\" data-words=\"\u00eentreba\u021bi,intrebati\">\u00eentreba\u021bi<\/span>. Fie <span class=\"word\" data-words=\"c\u0103,ca\">c\u0103<\/span> a fost <span class=\"word\" data-words=\"vorb\u0103,vorba\">vorba<\/span> despre <span class=\"word\" data-words=\"limb\u0103,limba\">limba<\/span> <span class=\"word\" data-words=\"coreean\u0103,coreeana\">coreean\u0103<\/span>, despre <span class=\"word\" data-words=\"muzic\u0103,muzica\">muzica,<\/span>\u00a0<span class=\"word\" data-words=\"dansul,d\u00e2nsul\">dansul<\/span>, dramele <span class=\"word\" data-words=\"\u0219i,si\">\u0219i<\/span> filmele coreene, despre obiceiurile <span class=\"word\" data-words=\"\u0219i,si\">\u0219i<\/span> <span class=\"word\" data-words=\"tradi\u021biile,traditiile\">tradi\u021biile<\/span> <span class=\"word\" data-words=\"p\u0103strate,pastrate\">p\u0103strate<\/span> cu <span class=\"word\" data-words=\"sfin\u021benie,sfintenie\">sfin\u021benie<\/span> de secolele <span class=\"word\" data-words=\"sau,s\u0103u,\u0219au\">sau<\/span> de armonia <span class=\"word\" data-words=\"perfect\u0103,perfecta\">perfect\u0103<\/span>\u00a0dintre <span class=\"word\" data-words=\"tradi\u021bional,traditional\">tradi\u021bional<\/span> <span class=\"word\" data-words=\"\u0219i,si\">\u0219i<\/span> modern, Coreea ne-a cucerit total din <span class=\"word\" data-words=\"prim\u0103,prima\">prima<\/span> <span class=\"word\" data-words=\"clip\u0103,clipa\">clipa<\/span> <span class=\"word\" data-words=\"\u00een,in\">\u00een<\/span> care am <span class=\"word\" data-words=\"intrat,\u00eentrat\">intrat<\/span> <span class=\"word\" data-words=\"\u00een,in\">\u00een<\/span> contact cu ea.<\/p>\n<p style=\"text-align: justify;\">Ne-au captat <span class=\"word\" data-words=\"mai,m\u0103i,m\u00e2i\">mai<\/span> apoi <span class=\"word\" data-words=\"aten\u021bia,atentia\">aten\u021bia<\/span> oamenii <span class=\"word\" data-words=\"frumo\u0219i,frumosi\">frumo\u0219i<\/span>, calzi <span class=\"word\" data-words=\"\u0219i,si\">\u0219i<\/span> foarte <span class=\"word\" data-words=\"talenta\u021bi,talentati\">talenta\u021bi<\/span>, peisajele de o <span class=\"word\" data-words=\"frumuse\u021be,frumusete\">frumuse\u021be<\/span> <span class=\"word\" data-words=\"rara,rar\u0103\">rar\u0103<\/span>, palatele <span class=\"word\" data-words=\"\u0219i,si\">\u0219i<\/span> templele, lampioanele <span class=\"word\" data-words=\"\u0219i,si\">\u0219i<\/span> florile de <span class=\"word\" data-words=\"cire\u0219,cires\">cire\u0219<\/span>, azalee <span class=\"word\" data-words=\"\u0219i,si\">\u0219i<\/span> lotus, aromele de Bulgogi, Japche, Kimchi <span class=\"word\" data-words=\"\u0219i,si\">\u0219i<\/span> Samgyeopsal, culorile <span class=\"word\" data-words=\"vibrante,vibran\u021be\">vibrante<\/span> ale Hanbok-urilor, <span class=\"word\" data-words=\"delicate\u021bea,delicatetea\">delicate\u021bea<\/span> gesturilor, <span class=\"word\" data-words=\"polite\u021bea,politetea\">polite\u021bea<\/span> privirilor <span class=\"word\" data-words=\"\u0219i,si\">\u0219i<\/span> respectul pe care acest popor cu o istorie <span class=\"word\" data-words=\"at\u00e2t,a\u021b\u00e2\u021b,atat\">at\u00e2t<\/span> de <span class=\"word\" data-words=\"zbuciumat\u0103,zbuciumata\">zbuciumat\u0103<\/span>\u00a0<span class=\"word\" data-words=\"\u00eel,il\">\u00eel<\/span> <span class=\"word\" data-words=\"manifest\u0103,manifesta\">manifest\u0103<\/span>\u00a0<span class=\"word\" data-words=\"\u00een,in\">\u00een<\/span> <span class=\"word\" data-words=\"via\u021b\u0103,via\u021ba,viata\">via\u021b\u0103<\/span> de zi cu zi.<\/p>\n<p style=\"text-align: justify;\">Am <span class=\"word\" data-words=\"\u00eenceput,inceput\">\u00eenceput<\/span> <span class=\"word\" data-words=\"s\u0103,sa,\u0219a\">s\u0103<\/span> iubim Coreea pentru <span class=\"word\" data-words=\"c\u0103,ca\">c\u0103<\/span> ne-am <span class=\"word\" data-words=\"reg\u0103sit,regasit\">reg\u0103sit<\/span> <span class=\"word\" data-words=\"\u00een,in\">\u00een<\/span> muzicalitatea limbii, <span class=\"word\" data-words=\"\u00een,in\">\u00een<\/span> <span class=\"word\" data-words=\"simbolistic\u0103,simbolistica\">simbolistica<\/span> versurilor <span class=\"word\" data-words=\"c\u00e2ntecelor,cantecelor\">c\u00e2ntecelor<\/span> pe care le <span class=\"word\" data-words=\"ascultam,ascult\u0103m\">ascultam<\/span>, <span class=\"word\" data-words=\"\u00een,in\">\u00een<\/span> jocul privirilor <span class=\"word\" data-words=\"\u0219i,si\">\u0219i<\/span> <span class=\"word\" data-words=\"\u00een,in\">\u00een<\/span> spiritul unei culturi <span class=\"word\" data-words=\"at\u00e2t,a\u021b\u00e2\u021b,atat\">at\u00e2t<\/span> de <span class=\"word\" data-words=\"vaste,v\u00e2\u0219te\">vaste<\/span> <span class=\"word\" data-words=\"\u0219i,si\">\u0219i<\/span> de ofertante <span class=\"word\" data-words=\"\u00eenc\u00e2t,incat\">\u00eenc\u00e2t<\/span> nu am avut practic cum <span class=\"word\" data-words=\"s\u0103,sa,\u0219a\">s\u0103<\/span> o \u201c<span class=\"word\" data-words=\"refuzam,refuz\u0103m\">refuzam<\/span>\u201d. Iar <span class=\"word\" data-words=\"c\u0103,ca\">c\u0103<\/span> <span class=\"word\" data-words=\"s\u0103,sa,\u0219a\">s\u0103<\/span> <span class=\"word\" data-words=\"v\u0103,va\">v\u0103<\/span> <span class=\"word\" data-words=\"r\u0103spundem,raspundem\">r\u0103spundem<\/span> <span class=\"word\" data-words=\"la,l\u0103\">la<\/span> <span class=\"word\" data-words=\"\u00eentrebarea,intrebarea\">\u00eentrebarea<\/span> \u201c<span class=\"word\" data-words=\"Cine,C\u00eene\">Cine<\/span> suntem noi?\u201d, ei bine suntem o <span class=\"word\" data-words=\"echip\u0103,echipa\">echipa<\/span> <span class=\"word\" data-words=\"format\u0103,formata\">format\u0103<\/span>\u00a0din oameni <span class=\"word\" data-words=\"dedica\u021bi,dedicati\">dedica\u021bi<\/span> acestei pasiuni. Suntem cei pentru care Coreea a devenit o stare de spirit <span class=\"word\" data-words=\"\u0219i,si\">\u0219i<\/span> un mod de <span class=\"word\" data-words=\"via\u021b\u0103,via\u021ba,viata\">via\u021b\u0103<\/span>. Suntem <span class=\"word\" data-words=\"echip\u0103,echipa\">echipa<\/span> Sarang Hanguk <span class=\"word\" data-words=\"\u0219i,si\">\u0219i<\/span> <span class=\"word\" data-words=\"v\u0103,va\">v\u0103<\/span> <span class=\"word\" data-words=\"uram,ur\u0103m,ur\u00e2m\">uram<\/span> tuturor \u201cBine <span class=\"word\" data-words=\"a\u021bi,\u0103\u021bi,ati\">a\u021bi<\/span> venit!&#8221; pe <span class=\"word\" data-words=\"site,\u0219i\u021be\">site<\/span>-ul nostru.<\/p>\n<p style=\"text-align: justify; padding-left: 30px;\"><strong>\u00a0\u00a0\u00a0\u00a0\u00a0\u00a0\u00a0\u00a0\u00a0\u00a0\u00a0\u00a0\u00a0\u00a0\u00a0\u00a0\u00a0\u00a0\u00a0\u00a0\u00a0\u00a0\u00a0\u00a0\u00a0\u00a0\u00a0\u00a0\u00a0\u00a0\u00a0\u00a0\u00a0\u00a0\u00a0\u00a0\u00a0\u00a0\u00a0\u00a0\u00a0\u00a0\u00a0\u00a0\u00a0\u00a0\u00a0\u00a0\u00a0\u00a0\u00a0\u00a0\u00a0\u00a0\u00a0\u00a0\u00a0\u00a0\u00a0\u00a0\u00a0 \uc5ec\ub7ec\ubd84\uc758 \ubc29\ubb38\uc744 \ud658\uc601\ud569\ub2c8\ub2e4! ^^<\/strong><\/p>\n","protected":false},"excerpt":{"rendered":"<p>ONE TEAM, ONE DREAM: KOREA! Pasiunile sunt cele care ne inspir\u0103\u00a0\u0219i care ne \u00eendrum\u0103 pa\u0219ii \u00een via\u021b\u0103, iar alegerile pe..<\/p>\n","protected":false},"author":2,"featured_media":0,"parent":0,"menu_order":0,"comment_status":"closed","ping_status":"closed","template":"","meta":[],"_links":{"self":[{"href":"https:\/\/www.saranghanguk.ro\/index.php\/wp-json\/wp\/v2\/pages\/986"}],"collection":[{"href":"https:\/\/www.saranghanguk.ro\/index.php\/wp-json\/wp\/v2\/pages"}],"about":[{"href":"https:\/\/www.saranghanguk.ro\/index.php\/wp-json\/wp\/v2\/types\/page"}],"author":[{"embeddable":true,"href":"https:\/\/www.saranghanguk.ro\/index.php\/wp-json\/wp\/v2\/users\/2"}],"replies":[{"embeddable":true,"href":"https:\/\/www.saranghanguk.ro\/index.php\/wp-json\/wp\/v2\/comments?post=986"}],"version-history":[{"count":7,"href":"https:\/\/www.saranghanguk.ro\/index.php\/wp-json\/wp\/v2\/pages\/986\/revisions"}],"predecessor-version":[{"id":17611,"href":"https:\/\/www.saranghanguk.ro\/index.php\/wp-json\/wp\/v2\/pages\/986\/revisions\/17611"}],"wp:attachment":[{"href":"https:\/\/www.saranghanguk.ro\/index.php\/wp-json\/wp\/v2\/media?parent=986"}],"curies":[{"name":"wp","href":"https:\/\/api.w.org\/{rel}","templated":true}]}}